{"id":510,"date":"2017-07-17T09:12:50","date_gmt":"2017-07-17T09:12:50","guid":{"rendered":"http:\/\/demo.mysterythemes.com\/news-portal\/?page_id=16"},"modified":"2023-09-16T18:45:30","modified_gmt":"2023-09-16T23:45:30","slug":"about","status":"publish","type":"page","link":"https:\/\/vocesdelaregion.com\/index.php\/about\/","title":{"rendered":"Nosotros"},"content":{"rendered":"\t\t<div data-elementor-type=\"wp-page\" data-elementor-id=\"510\" class=\"elementor elementor-510\">\n\t\t\t\t<div class=\"elementor-element elementor-element-e9b63fc e-flex e-con-boxed e-con e-parent\" data-id=\"e9b63fc\" data-element_type=\"container\" data-e-type=\"container\">\n\t\t\t\t\t<div class=\"e-con-inner\">\n\t\t\t\t<div class=\"elementor-element elementor-element-b2b358c elementor-widget elementor-widget-text-editor\" data-id=\"b2b358c\" data-element_type=\"widget\" data-e-type=\"widget\" data-widget_type=\"text-editor.default\">\n\t\t\t\t<div class=\"elementor-widget-container\">\n\t\t\t\t\t\t\t\t\t<p>Bienvenidos al nuevo sitio web de informaci\u00f3n para Caldas, Manizales y la regi\u00f3n. Aqu\u00ed encontrar\u00e1s noticias, denuncias, quejas y un servicio social dedicado a nuestra comunidad. Nos comprometemos a mantenerte informado sobre los eventos m\u00e1s relevantes que ocurren en nuestra regi\u00f3n.<\/p>\n<p>En nuestro sitio web, encontrar\u00e1s noticias de \u00faltima hora sobre temas de inter\u00e9s local, nacional e internacional. Nuestro equipo de periodistas trabaja arduamente para brindarte informaci\u00f3n precisa y confiable. Tambi\u00e9n contamos con una secci\u00f3n de denuncias y quejas, donde la comunidad puede compartir sus experiencias y buscar soluciones a los problemas que enfrentan.<\/p>\n<p>Nuestro servicio social est\u00e1 dise\u00f1ado para ayudar a aquellos que m\u00e1s lo necesitan en nuestra comunidad. Desde campa\u00f1as de recolecci\u00f3n de alimentos hasta programas de apoyo educativo, nos esforzamos por hacer una diferencia en la vida de las personas que nos rodean.<\/p>\n<p>Adem\u00e1s de nuestro contenido informativo, tambi\u00e9n ofrecemos una amplia gama de entretenimiento. Podr\u00e1s encontrar rese\u00f1as, recomendaciones, eventos culturales en nuestra regi\u00f3n. Queremos ser tu fuente de informaci\u00f3n y entretenimiento en un solo lugar.<\/p>\n<p>Te invitamos a explorar nuestro sitio web y a participar activamente en la comunidad. Puedes dejar tus comentarios en nuestras noticias, compartir tus denuncias y quejas, y unirte a nuestros programas de servicio social. Tu opini\u00f3n es importante para nosotros y nos ayuda a mejorar cada d\u00eda.<\/p>\t\t\t\t\t\t\t\t<\/div>\n\t\t\t\t<\/div>\n\t\t\t\t\t<\/div>\n\t\t\t\t<\/div>\n\t\t\t\t<\/div>\n\t\t","protected":false},"excerpt":{"rendered":"<p>Bienvenidos al nuevo sitio web de informaci\u00f3n para Caldas, Manizales y la regi\u00f3n. Aqu\u00ed encontrar\u00e1s noticias, denuncias, quejas y un servicio social dedicado a nuestra comunidad. Nos comprometemos a mantenerte informado sobre los eventos m\u00e1s relevantes que ocurren en nuestra regi\u00f3n. En nuestro sitio web, encontrar\u00e1s noticias de \u00faltima hora sobre temas de inter\u00e9s local, [&hellip;]<\/p>\n","protected":false},"author":1,"featured_media":0,"parent":0,"menu_order":0,"comment_status":"closed","ping_status":"closed","template":"","meta":{"om_disable_all_campaigns":false,"_monsterinsights_skip_tracking":false,"_monsterinsights_sitenote_active":false,"_monsterinsights_sitenote_note":"","_monsterinsights_sitenote_category":0,"_uf_show_specific_survey":0,"_uf_disable_surveys":false,"footnotes":""},"class_list":["post-510","page","type-page","status-publish","hentry"],"aioseo_notices":[],"blog_post_layout_featured_media_urls":{"thumbnail":"","full":""},"categories_names":null,"comments_number":"0","wpmagazine_modules_lite_featured_media_urls":{"thumbnail":"","cvmm-medium":"","cvmm-medium-plus":"","cvmm-portrait":"","cvmm-medium-square":"","cvmm-large":"","cvmm-small":"","full":""},"_links":{"self":[{"href":"https:\/\/vocesdelaregion.com\/index.php\/wp-json\/wp\/v2\/pages\/510","targetHints":{"allow":["GET"]}}],"collection":[{"href":"https:\/\/vocesdelaregion.com\/index.php\/wp-json\/wp\/v2\/pages"}],"about":[{"href":"https:\/\/vocesdelaregion.com\/index.php\/wp-json\/wp\/v2\/types\/page"}],"author":[{"embeddable":true,"href":"https:\/\/vocesdelaregion.com\/index.php\/wp-json\/wp\/v2\/users\/1"}],"replies":[{"embeddable":true,"href":"https:\/\/vocesdelaregion.com\/index.php\/wp-json\/wp\/v2\/comments?post=510"}],"version-history":[{"count":3,"href":"https:\/\/vocesdelaregion.com\/index.php\/wp-json\/wp\/v2\/pages\/510\/revisions"}],"predecessor-version":[{"id":573,"href":"https:\/\/vocesdelaregion.com\/index.php\/wp-json\/wp\/v2\/pages\/510\/revisions\/573"}],"wp:attachment":[{"href":"https:\/\/vocesdelaregion.com\/index.php\/wp-json\/wp\/v2\/media?parent=510"}],"curies":[{"name":"wp","href":"https:\/\/api.w.org\/{rel}","templated":true}]}}