{"id":316,"date":"2020-12-23T08:13:18","date_gmt":"2020-12-23T08:13:18","guid":{"rendered":"https:\/\/demo.mysterythemes.com\/news-portal\/?page_id=316"},"modified":"2020-12-23T08:13:18","modified_gmt":"2020-12-23T08:13:18","slug":"blog","status":"publish","type":"page","link":"https:\/\/vocesdelaregion.com\/index.php\/blog\/","title":{"rendered":"Blog"},"content":{"rendered":"\n<div style=\"height:15px\" aria-hidden=\"true\" class=\"wp-block-spacer\"><\/div>\n\n\n\n<div class=\"wp-block-columns is-layout-flex wp-container-core-columns-is-layout-9d6595d7 wp-block-columns-is-layout-flex\">\n<div class=\"wp-block-column is-layout-flow wp-block-column-is-layout-flow\" style=\"flex-basis:66.66%\"><div id=\"cv-list-post-layout\" class=\"block-d4608297-a72e-4b4f-8741-1455db1b1ec4 cv-block cv-block-list--layout-one\">    <div class=\"cv-post-wrapper cv-post--imagemargin column--one\">\r\n                        <article post-id=\"post-35512\" class=\"cv-post post-format--standard\" itemscope itemtype=\"http:\/\/schema.org\/articleBody\">\r\n                    <div class=\"cv-post-left-wrap\">\r\n                        <div class=\"cv-post-thumb\">\r\n                            <a href=\"https:\/\/vocesdelaregion.com\/index.php\/2026\/04\/14\/autoridades-de-caldas-desarrollaron-comando-situacional-en-anserma-arrojo-resultados-positivos-para-la-seguridad-de-los-ciudadanos\/\"><img decoding=\"async\" src=\"https:\/\/vocesdelaregion.com\/wp-content\/uploads\/2026\/04\/destacada-anserma.jpeg\" alt=\"Autoridades de Caldas desarrollaron comando situacional en Anserma: arroj\u00f3 resultados positivos para la seguridad de los ciudadanos\"\/><\/a>\r\n                        <\/div>\r\n                    <\/div><!-- .cv-post-left-wrap -->\r\n                    <div class=\"cv-post-right-wrap\">\r\n                        <div class=\"cv-post-cats-wrap\"><span class=\"cv-post-cat\"><a href=\"https:\/\/vocesdelaregion.com\/index.php\/category\/occidente-prospero\/anserma\/\">Anserma<\/a><\/span><span class=\"cv-post-cat\"><a href=\"https:\/\/vocesdelaregion.com\/index.php\/category\/caldas\/\">Caldas<\/a><\/span><span class=\"cv-post-cat\"><a href=\"https:\/\/vocesdelaregion.com\/index.php\/category\/gobernaciones\/gobernacion-de-caldas\/\">Gobernaci\u00f3n de Caldas<\/a><\/span><span class=\"cv-post-cat\"><a href=\"https:\/\/vocesdelaregion.com\/index.php\/category\/gobernaciones\/\">Gobernaciones<\/a><\/span><span class=\"cv-post-cat\"><a href=\"https:\/\/vocesdelaregion.com\/index.php\/category\/judicial\/judiciales-caldas\/\">Judiciales Caldas<\/a><\/span><span class=\"cv-post-cat\"><a href=\"https:\/\/vocesdelaregion.com\/index.php\/category\/occidente-prospero\/\">Occidente Pr\u00f3spero<\/a><\/span><\/div>                        <h2 class=\"cv-post-title\">\r\n                            <a href=\"https:\/\/vocesdelaregion.com\/index.php\/2026\/04\/14\/autoridades-de-caldas-desarrollaron-comando-situacional-en-anserma-arrojo-resultados-positivos-para-la-seguridad-de-los-ciudadanos\/\" target=\"_self\">\r\n                                Autoridades de Caldas desarrollaron comando situacional en Anserma: arroj\u00f3 resultados positivos para la seguridad de los ciudadanos                            <\/a>\r\n                        <\/h2>\r\n                        <div class=\"cv-post-meta cv-meta-icon-show\">\r\n                            <span class=\"cv-post-date cv-post-meta-item\" itemprop=\"datePublished\"><a href=\"https:\/\/vocesdelaregion.com\/index.php\/2026\/04\/14\/autoridades-de-caldas-desarrollaron-comando-situacional-en-anserma-arrojo-resultados-positivos-para-la-seguridad-de-los-ciudadanos\/\">abril 14, 2026<\/a><\/span>                        <\/div>\r\n                        <div class=\"cv-post-content\" itemprop=\"description\">En un esfuerzo conjunto entre la Gobernaci\u00f3n de Caldas, la Polic\u00eda Nacional y la Administraci\u00f3n&hellip;<\/div>                                            <\/div><!-- .cv-post-right-wrap -->\r\n                <\/article>\r\n                        <article post-id=\"post-35517\" class=\"cv-post post-format--standard\" itemscope itemtype=\"http:\/\/schema.org\/articleBody\">\r\n                    <div class=\"cv-post-left-wrap\">\r\n                        <div class=\"cv-post-thumb\">\r\n                            <a href=\"https:\/\/vocesdelaregion.com\/index.php\/2026\/04\/10\/la-torre-del-cable-se-ilumina-en-reconocimiento-memoria-y-dignidad-de-las-victimas-del-conflicto-en-caldas\/\"><img decoding=\"async\" src=\"https:\/\/vocesdelaregion.com\/wp-content\/uploads\/2026\/04\/TORRE-DEL-CABLE-DESTACADA.jpeg\" alt=\"La Torre del Cable se ilumina en reconocimiento, memoria y dignidad de las v\u00edctimas del conflicto en Caldas\"\/><\/a>\r\n                        <\/div>\r\n                    <\/div><!-- .cv-post-left-wrap -->\r\n                    <div class=\"cv-post-right-wrap\">\r\n                        <div class=\"cv-post-cats-wrap\"><span class=\"cv-post-cat\"><a href=\"https:\/\/vocesdelaregion.com\/index.php\/category\/caldas\/\">Caldas<\/a><\/span><span class=\"cv-post-cat\"><a href=\"https:\/\/vocesdelaregion.com\/index.php\/category\/gobernaciones\/gobernacion-de-caldas\/\">Gobernaci\u00f3n de Caldas<\/a><\/span><span class=\"cv-post-cat\"><a href=\"https:\/\/vocesdelaregion.com\/index.php\/category\/gobernaciones\/\">Gobernaciones<\/a><\/span><span class=\"cv-post-cat\"><a href=\"https:\/\/vocesdelaregion.com\/index.php\/category\/movilidad\/\">Movilidad<\/a><\/span><\/div>                        <h2 class=\"cv-post-title\">\r\n                            <a href=\"https:\/\/vocesdelaregion.com\/index.php\/2026\/04\/10\/la-torre-del-cable-se-ilumina-en-reconocimiento-memoria-y-dignidad-de-las-victimas-del-conflicto-en-caldas\/\" target=\"_self\">\r\n                                La Torre del Cable se ilumina en reconocimiento, memoria y dignidad de las v\u00edctimas del conflicto en Caldas                            <\/a>\r\n                        <\/h2>\r\n                        <div class=\"cv-post-meta cv-meta-icon-show\">\r\n                            <span class=\"cv-post-date cv-post-meta-item\" itemprop=\"datePublished\"><a href=\"https:\/\/vocesdelaregion.com\/index.php\/2026\/04\/10\/la-torre-del-cable-se-ilumina-en-reconocimiento-memoria-y-dignidad-de-las-victimas-del-conflicto-en-caldas\/\">abril 10, 2026<\/a><\/span>                        <\/div>\r\n                        <div class=\"cv-post-content\" itemprop=\"description\">La Gobernaci\u00f3n de Caldas, a trav\u00e9s de su Secretar\u00eda de Gobierno y la Unidad de&hellip;<\/div>                                            <\/div><!-- .cv-post-right-wrap -->\r\n                <\/article>\r\n                        <article post-id=\"post-35525\" class=\"cv-post post-format--standard\" itemscope itemtype=\"http:\/\/schema.org\/articleBody\">\r\n                    <div class=\"cv-post-left-wrap\">\r\n                        <div class=\"cv-post-thumb\">\r\n                            <a href=\"https:\/\/vocesdelaregion.com\/index.php\/2026\/04\/09\/gobernacion-de-caldas-entrego-obras-de-mejoramiento-en-escenarios-deportivos-de-marquetalia\/\"><img decoding=\"async\" src=\"https:\/\/vocesdelaregion.com\/wp-content\/uploads\/2026\/04\/coliseo-destacada.jpg\" alt=\"Gobernaci\u00f3n de Caldas entreg\u00f3 obras de mejoramiento en escenarios deportivos de Marquetalia\"\/><\/a>\r\n                        <\/div>\r\n                    <\/div><!-- .cv-post-left-wrap -->\r\n                    <div class=\"cv-post-right-wrap\">\r\n                        <div class=\"cv-post-cats-wrap\"><span class=\"cv-post-cat\"><a href=\"https:\/\/vocesdelaregion.com\/index.php\/category\/caldas\/alto-oriente\/\">Alto oriente<\/a><\/span><span class=\"cv-post-cat\"><a href=\"https:\/\/vocesdelaregion.com\/index.php\/category\/deportes\/\">Deportes<\/a><\/span><span class=\"cv-post-cat\"><a href=\"https:\/\/vocesdelaregion.com\/index.php\/category\/gobernaciones\/gobernacion-de-caldas\/\">Gobernaci\u00f3n de Caldas<\/a><\/span><span class=\"cv-post-cat\"><a href=\"https:\/\/vocesdelaregion.com\/index.php\/category\/gobernaciones\/\">Gobernaciones<\/a><\/span><\/div>                        <h2 class=\"cv-post-title\">\r\n                            <a href=\"https:\/\/vocesdelaregion.com\/index.php\/2026\/04\/09\/gobernacion-de-caldas-entrego-obras-de-mejoramiento-en-escenarios-deportivos-de-marquetalia\/\" target=\"_self\">\r\n                                Gobernaci\u00f3n de Caldas entreg\u00f3 obras de mejoramiento en escenarios deportivos de Marquetalia                            <\/a>\r\n                        <\/h2>\r\n                        <div class=\"cv-post-meta cv-meta-icon-show\">\r\n                            <span class=\"cv-post-date cv-post-meta-item\" itemprop=\"datePublished\"><a href=\"https:\/\/vocesdelaregion.com\/index.php\/2026\/04\/09\/gobernacion-de-caldas-entrego-obras-de-mejoramiento-en-escenarios-deportivos-de-marquetalia\/\">abril 9, 2026<\/a><\/span>                        <\/div>\r\n                        <div class=\"cv-post-content\" itemprop=\"description\">La Gobernaci\u00f3n de Caldas, a trav\u00e9s de la Secretar\u00eda de Deporte, Recreaci\u00f3n y Actividad F\u00edsica,&hellip;<\/div>                                            <\/div><!-- .cv-post-right-wrap -->\r\n                <\/article>\r\n                        <article post-id=\"post-35502\" class=\"cv-post post-format--standard\" itemscope itemtype=\"http:\/\/schema.org\/articleBody\">\r\n                    <div class=\"cv-post-left-wrap\">\r\n                        <div class=\"cv-post-thumb\">\r\n                            <a href=\"https:\/\/vocesdelaregion.com\/index.php\/2026\/04\/08\/belalcazar-caldas-conmemoro-la-semana-santa-en-vivo-con-mas-de-22-mil-visitantes\/\"><img decoding=\"async\" src=\"https:\/\/vocesdelaregion.com\/wp-content\/uploads\/2026\/04\/666014192_1351144897042603_9179398354002033320_n.jpg\" alt=\"Belalc\u00e1zar, Caldas conmemor\u00f3 la Semana Santa en vivo con m\u00e1s de 22 mil visitantes.\"\/><\/a>\r\n                        <\/div>\r\n                    <\/div><!-- .cv-post-left-wrap -->\r\n                    <div class=\"cv-post-right-wrap\">\r\n                        <div class=\"cv-post-cats-wrap\"><span class=\"cv-post-cat\"><a href=\"https:\/\/vocesdelaregion.com\/index.php\/category\/occidente-prospero\/belalcazar\/\">Belalc\u00e1zar<\/a><\/span><span class=\"cv-post-cat\"><a href=\"https:\/\/vocesdelaregion.com\/index.php\/category\/occidente-prospero\/\">Occidente Pr\u00f3spero<\/a><\/span><\/div>                        <h2 class=\"cv-post-title\">\r\n                            <a href=\"https:\/\/vocesdelaregion.com\/index.php\/2026\/04\/08\/belalcazar-caldas-conmemoro-la-semana-santa-en-vivo-con-mas-de-22-mil-visitantes\/\" target=\"_self\">\r\n                                Belalc\u00e1zar, Caldas conmemor\u00f3 la Semana Santa en vivo con m\u00e1s de 22 mil visitantes.                            <\/a>\r\n                        <\/h2>\r\n                        <div class=\"cv-post-meta cv-meta-icon-show\">\r\n                            <span class=\"cv-post-date cv-post-meta-item\" itemprop=\"datePublished\"><a href=\"https:\/\/vocesdelaregion.com\/index.php\/2026\/04\/08\/belalcazar-caldas-conmemoro-la-semana-santa-en-vivo-con-mas-de-22-mil-visitantes\/\">abril 8, 2026<\/a><\/span>                        <\/div>\r\n                        <div class=\"cv-post-content\" itemprop=\"description\">Desde la Alcald\u00eda Municipal Belalc\u00e1zar Caldas queremos expresar un profundo sentimiento de gratitud a toda&hellip;<\/div>                                            <\/div><!-- .cv-post-right-wrap -->\r\n                <\/article>\r\n            <\/div><\/div><\/div>\n\n\n\n<div class=\"wp-block-column is-layout-flow wp-block-column-is-layout-flow\" style=\"flex-basis:33.33%\"><div id=\"cv-grid-post-layout\" class=\"block-f8db47c1-8a25-4858-9182-326475335aec cv-block cv-block-grid--layout-one\"><h2 class=\"cv-block-title align--left layout--one\"><span>Most Read<\/span><\/h2>    <div class=\"cv-post-wrapper cv-post--imagemargin column--one\">\r\n        <\/div><\/div>\n<\/div>\n\n\n<div id=\"cv-masonry-post-layout\" class=\"block-82d705f0-e437-43ab-b7f6-fe82c3a9badc cv-block cv-masonry-post-layout cv-block-masonry--layout-two cv-block-grid--layout-two\"><h2 class=\"cv-block-title align--left layout--one\"><span>Featured blogs<\/span><\/h2>    <div class=\"cv-post-wrapper cv-post--imagemargin column--three\">\r\n        <\/div>","protected":false},"excerpt":{"rendered":"","protected":false},"author":1,"featured_media":0,"parent":0,"menu_order":0,"comment_status":"closed","ping_status":"closed","template":"","meta":{"om_disable_all_campaigns":false,"_monsterinsights_skip_tracking":false,"_monsterinsights_sitenote_active":false,"_monsterinsights_sitenote_note":"","_monsterinsights_sitenote_category":0,"_uf_show_specific_survey":0,"_uf_disable_surveys":false,"footnotes":""},"class_list":["post-316","page","type-page","status-publish","hentry"],"aioseo_notices":[],"blog_post_layout_featured_media_urls":{"thumbnail":"","full":""},"categories_names":null,"comments_number":"0","wpmagazine_modules_lite_featured_media_urls":{"thumbnail":"","cvmm-medium":"","cvmm-medium-plus":"","cvmm-portrait":"","cvmm-medium-square":"","cvmm-large":"","cvmm-small":"","full":""},"_links":{"self":[{"href":"https:\/\/vocesdelaregion.com\/index.php\/wp-json\/wp\/v2\/pages\/316","targetHints":{"allow":["GET"]}}],"collection":[{"href":"https:\/\/vocesdelaregion.com\/index.php\/wp-json\/wp\/v2\/pages"}],"about":[{"href":"https:\/\/vocesdelaregion.com\/index.php\/wp-json\/wp\/v2\/types\/page"}],"author":[{"embeddable":true,"href":"https:\/\/vocesdelaregion.com\/index.php\/wp-json\/wp\/v2\/users\/1"}],"replies":[{"embeddable":true,"href":"https:\/\/vocesdelaregion.com\/index.php\/wp-json\/wp\/v2\/comments?post=316"}],"version-history":[{"count":0,"href":"https:\/\/vocesdelaregion.com\/index.php\/wp-json\/wp\/v2\/pages\/316\/revisions"}],"wp:attachment":[{"href":"https:\/\/vocesdelaregion.com\/index.php\/wp-json\/wp\/v2\/media?parent=316"}],"curies":[{"name":"wp","href":"https:\/\/api.w.org\/{rel}","templated":true}]}}